{"id":487,"date":"2022-01-14T17:28:29","date_gmt":"2022-01-14T17:28:29","guid":{"rendered":"https:\/\/demo.creativethemes.com\/blocksy\/floreo\/?post_type=product&#038;p=487"},"modified":"2023-04-03T12:18:51","modified_gmt":"2023-04-03T12:18:51","slug":"sollicitudin-aliquam","status":"publish","type":"product","link":"https:\/\/farmatic.si\/sl\/kategorije\/govedarstvo\/suhostaj\/sollicitudin-aliquam\/","title":{"rendered":"Taritral"},"content":{"rendered":"<p>Izdelek primeren za selektivno presu\u0161itev krav brez antibiotikov.<\/p>\n<p>-prispeva k hitrej\u0161emu prenehanju izlo\u010danja mleka<br \/>\n-omogo\u010da bolj\u0161o involucijo vimena<br \/>\n- lahko se uporablja kot del obi\u010dajnega antibioti\u010dnega protokola za presu\u0161itvijo, namesto intramamarnih injektorjev<\/p>\n<p>Proizvajalec:<br \/>\nProizvajalec: Natual Sas, Francija<\/p>","protected":false},"excerpt":{"rendered":"<p>Hitrej\u0161a presu\u0161itev za bolj\u0161e zdravje vimena.<br \/>\nDober protokol presu\u0161itve je zagotovilo za dober za\u010detek laktacije.<br \/>\nRaziskave so pokazale znatno zmanj\u0161anje ravni SCC v prvih dveh mesecih po telitvi.<\/p>\n<p><strong>Sestava: <\/strong><em>zeli\u0161\u010dni macerati* (\u017eajbelj* - preslica* - kopriva<\/em><br \/>\nMagnezijev klorid - brezvodni magnezijev sulfat - me\u0161anica aromati\u010dnih snovi, cink<br \/>\n<strong>Uporaba:<br \/>\n<\/strong>Na dan presu\u0161itve, po zadnji mol\u017ei: 250 ml\/krava, enkrat, ponovite naslednji dan, \u010de je proizvodnja<br \/>\nmleka  med presu\u0161itvom presega 30 l\/dan.<br \/>\nDruga priporo\u010dila: presu\u0161ene krave je treba lo\u010diti od krav v laktaciji. Na dan presu\u0161itve zmanj\u0161ajte obroke<br \/>\nsamo na seno ali slamo, z vodo po volji.<\/p>","protected":false},"featured_media":1322,"comment_status":"open","ping_status":"closed","template":"","meta":[],"product_brand":[],"product_cat":[22,36],"product_tag":[32,31,33],"class_list":{"0":"post-487","1":"product","2":"type-product","3":"status-publish","4":"has-post-thumbnail","6":"product_cat-govedarstvo","7":"product_cat-suhostaj","8":"product_tag-krave","9":"product_tag-suhostaj","10":"product_tag-zasusenje","12":"first","13":"instock","14":"shipping-taxable","15":"product-type-simple"},"_links":{"self":[{"href":"https:\/\/farmatic.si\/sl\/wp-json\/wp\/v2\/product\/487","targetHints":{"allow":["GET"]}}],"collection":[{"href":"https:\/\/farmatic.si\/sl\/wp-json\/wp\/v2\/product"}],"about":[{"href":"https:\/\/farmatic.si\/sl\/wp-json\/wp\/v2\/types\/product"}],"replies":[{"embeddable":true,"href":"https:\/\/farmatic.si\/sl\/wp-json\/wp\/v2\/comments?post=487"}],"wp:featuredmedia":[{"embeddable":true,"href":"https:\/\/farmatic.si\/sl\/wp-json\/wp\/v2\/media\/1322"}],"wp:attachment":[{"href":"https:\/\/farmatic.si\/sl\/wp-json\/wp\/v2\/media?parent=487"}],"wp:term":[{"taxonomy":"product_brand","embeddable":true,"href":"https:\/\/farmatic.si\/sl\/wp-json\/wp\/v2\/product_brand?post=487"},{"taxonomy":"product_cat","embeddable":true,"href":"https:\/\/farmatic.si\/sl\/wp-json\/wp\/v2\/product_cat?post=487"},{"taxonomy":"product_tag","embeddable":true,"href":"https:\/\/farmatic.si\/sl\/wp-json\/wp\/v2\/product_tag?post=487"}],"curies":[{"name":"wp","href":"https:\/\/api.w.org\/{rel}","templated":true}]}}