{"id":1456,"date":"2023-03-29T14:10:45","date_gmt":"2023-03-29T14:10:45","guid":{"rendered":"https:\/\/farmatic.si\/?post_type=product&#038;p=1456"},"modified":"2023-03-29T14:24:23","modified_gmt":"2023-03-29T14:24:23","slug":"elvor-10","status":"publish","type":"product","link":"https:\/\/farmatic.si\/sl\/kategorije\/govedarstvo\/telad\/mlijecne-zamjenice\/elvor-10\/","title":{"rendered":"ELVOR 10"},"content":{"rendered":"<p><strong>Elvor<\/strong>, blagovna znamka francoske mle\u010dne skupine <strong>Savencia Saveurs &amp; Sp\u00e9cialit\u00e9s<\/strong> je \u017ee od leta 1959 vodilni na podro\u010dju krmljenja mladih \u017eivali.<br \/>\nNjihova velika izbira mle\u010dnih nadomestkov se lahko uporablja kot popolni mle\u010dni nadomestek ali za obogatitev materinega mleka.<br \/>\nZahvaljujo\u010d strokovnemu znanju in inovativnosti Elvor izstopa kot merilo v prehrani za rejo telet, telet, jagnjet, kozli\u010dkov in mnogih drugih \u017eivalskih vrst.<\/p>\n<p><img decoding=\"async\" class=\"alignnone wp-image-1443\" src=\"https:\/\/farmatic.si\/wp-content\/uploads\/2023\/03\/oqualim.webp\" alt=\"\" width=\"88\" height=\"78\" \/>\u00a0 \u00a0<img decoding=\"async\" class=\"alignnone wp-image-1444\" src=\"https:\/\/farmatic.si\/wp-content\/uploads\/2023\/03\/Sans-OGM-uk-300x261.png\" alt=\"\" width=\"89\" height=\"77\" srcset=\"\" sizes=\"(max-width: 89px) 100vw, 89px\" data-srcset=\"\" \/>\u00a0 \u00a0<img decoding=\"async\" class=\"alignnone wp-image-1445\" src=\"https:\/\/farmatic.si\/wp-content\/uploads\/2023\/03\/MG-micro-encapsules-uk-300x261.png\" alt=\"\" width=\"88\" height=\"77\" srcset=\"\" sizes=\"(max-width: 88px) 100vw, 88px\" data-srcset=\"\" \/>\u00a0 \u00a0<img loading=\"lazy\" decoding=\"async\" class=\"alignnone wp-image-1446\" src=\"https:\/\/farmatic.si\/wp-content\/uploads\/2023\/03\/PICTO-Matieres-premieres-selectionnees-uk-300x260.png\" alt=\"\" width=\"99\" height=\"86\" srcset=\"\" sizes=\"(max-width: 99px) 100vw, 99px\" data-srcset=\"\" \/><\/p>","protected":false},"excerpt":{"rendered":"<p><em>Kakovosten mle\u010dni nadomestek za teleta, ki ponuja odli\u010dno razmerje med ceno in kakovostjo:<\/em><\/p>\n<ul>\n<li>10% posnetega mleka v prahu<\/li>\n<li>sirotka in hidrogenirani p\u0161eni\u010dnega gluten<\/li>\n<li>uravnote\u017een profil esencialnih aminokislin<\/li>\n<li>20% surovih beljakovin, 17% ma\u0161\u010dob<\/li>\n<li>probiotiki<\/li>\n<\/ul>\n<p><img loading=\"lazy\" decoding=\"async\" class=\"alignnone wp-image-1449\" src=\"https:\/\/farmatic.si\/wp-content\/uploads\/2023\/03\/Sans-OGM-uk-1-300x261.png\" alt=\"\" width=\"100\" height=\"87\" srcset=\"\" sizes=\"(max-width: 100px) 100vw, 100px\" data-srcset=\"\" \/> \u00a0<img loading=\"lazy\" decoding=\"async\" class=\"alignnone  wp-image-1446\" src=\"https:\/\/farmatic.si\/wp-content\/uploads\/2023\/03\/PICTO-Matieres-premieres-selectionnees-uk-300x260.png\" alt=\"\" width=\"101\" height=\"88\" srcset=\"\" sizes=\"(max-width: 101px) 100vw, 101px\" data-srcset=\"\" \/> <img loading=\"lazy\" decoding=\"async\" class=\"alignnone  wp-image-1443\" src=\"https:\/\/farmatic.si\/wp-content\/uploads\/2023\/03\/oqualim.webp\" alt=\"\" width=\"102\" height=\"90\" \/><\/p>\n<p>&nbsp;<\/p>","protected":false},"featured_media":1458,"comment_status":"open","ping_status":"closed","template":"","meta":[],"product_brand":[],"product_cat":[40,29],"product_tag":[],"class_list":{"0":"post-1456","1":"product","2":"type-product","3":"status-publish","4":"has-post-thumbnail","6":"product_cat-mlijecne-zamjenice","7":"product_cat-telad","9":"first","10":"instock","11":"shipping-taxable","12":"product-type-simple"},"_links":{"self":[{"href":"https:\/\/farmatic.si\/sl\/wp-json\/wp\/v2\/product\/1456","targetHints":{"allow":["GET"]}}],"collection":[{"href":"https:\/\/farmatic.si\/sl\/wp-json\/wp\/v2\/product"}],"about":[{"href":"https:\/\/farmatic.si\/sl\/wp-json\/wp\/v2\/types\/product"}],"replies":[{"embeddable":true,"href":"https:\/\/farmatic.si\/sl\/wp-json\/wp\/v2\/comments?post=1456"}],"wp:featuredmedia":[{"embeddable":true,"href":"https:\/\/farmatic.si\/sl\/wp-json\/wp\/v2\/media\/1458"}],"wp:attachment":[{"href":"https:\/\/farmatic.si\/sl\/wp-json\/wp\/v2\/media?parent=1456"}],"wp:term":[{"taxonomy":"product_brand","embeddable":true,"href":"https:\/\/farmatic.si\/sl\/wp-json\/wp\/v2\/product_brand?post=1456"},{"taxonomy":"product_cat","embeddable":true,"href":"https:\/\/farmatic.si\/sl\/wp-json\/wp\/v2\/product_cat?post=1456"},{"taxonomy":"product_tag","embeddable":true,"href":"https:\/\/farmatic.si\/sl\/wp-json\/wp\/v2\/product_tag?post=1456"}],"curies":[{"name":"wp","href":"https:\/\/api.w.org\/{rel}","templated":true}]}}