{"id":1399,"date":"2023-03-29T09:06:28","date_gmt":"2023-03-29T09:06:28","guid":{"rendered":"https:\/\/farmatic.si\/?post_type=product&#038;p=1399"},"modified":"2023-03-29T09:59:49","modified_gmt":"2023-03-29T09:59:49","slug":"exolium-hoofgel","status":"publish","type":"product","link":"https:\/\/farmatic.si\/sl\/kategorije\/govedarstvo\/njega-papaka\/exolium-hoofgel\/","title":{"rendered":"EXOLIUM HOOFGEL"},"content":{"rendered":"<p><strong>Exolium<\/strong> izdelke je na Nizozemskem razvilo podjetje Kanters,<br \/>\nza ohranjanje zdravja parkljev va\u0161ih \u017eivali. Zahvaljujo\u010d specifi\u010dni sestavi so izdelki Exolium \u0161iroko uporabni in zelo primerni za nego parkljev.<br \/>\nIzdelki so primerni za posami\u010dno in skupinsko uporabo. Za najbolj\u0161i uspeh se priporo\u010da kombinacija posami\u010dne in skupinske obravnave .<br \/>\nPoleg tega, da so \u0161iroko uporabni, so vsi izdelki brez antibiotikov, formalina in bakrovega sulfata. Posledi\u010dno ni nevarnosti odpornosti na<br \/>\nantibiotike, izdelki pa so varni za \u017eivali, uporabnike in okolje.<\/p>\n<p><strong>KELATI:<\/strong> odporni na umazanijo, omogo\u010dajo globoko prodiranje skozi ko\u017eo, delujejo pri vseh temperaturah, ne ustvarjajo rezistentnost<br \/>\n<strong>Baker:<\/strong> antibakterijski u\u010dinek, pozitiven u\u010dinek na \u010dvrstost parkljev<br \/>\n<strong>Cink:<\/strong> antibakterijski u\u010dinek, pozitiven u\u010dinek na obnovo ko\u017ee, ro\u017eenice in epitelija<br \/>\n<strong>Olje \u010dajevca:<\/strong> antibakterijski in protiglivi\u010dni u\u010dinek<\/p>\n<p>Pakiranje: \u0161katla 100 in 300 ml, tuba 300 ml in \u0161katla 1000 ml<br \/>\n*300 ml ~ 37 parkljev<br \/>\nProizvajalec:<strong> Kanters Special Products, Nizozemska<\/strong><\/p>","protected":false},"excerpt":{"rendered":"<p><em>20 let izku\u0161enj na podro\u010dju nege in zdravja parkljev<\/em><\/p>\n<p>Zdravje parkljev s posami\u010dno uporabo:<\/p>\n<ul>\n<li>nega v primeru dra\u017eenja ko\u017ee<\/li>\n<li>mo\u010dan oprijem na parklje<\/li>\n<li>brez antibiotikov<\/li>\n<li>preprosta aplikacija<\/li>\n<li>vidni rezultati v 5 dneh<\/li>\n<\/ul>\n<p>Exolium\u00ae Hoofgel temelji na kombinaciji bakrovega kelata, cinka in olja \u010dajevca.<br \/>\nRazvit je bil za individualno uporabo po zdravljenju nohtov ali za nego v primeru neposrednih oku\u017eb.<\/p>","protected":false},"featured_media":1403,"comment_status":"open","ping_status":"closed","template":"","meta":[],"product_brand":[],"product_cat":[22,34,25],"product_tag":[],"class_list":{"0":"post-1399","1":"product","2":"type-product","3":"status-publish","4":"has-post-thumbnail","6":"product_cat-govedarstvo","7":"product_cat-njega-papaka","8":"product_cat-ovce-i-koze","10":"first","11":"instock","12":"shipping-taxable","13":"product-type-simple"},"_links":{"self":[{"href":"https:\/\/farmatic.si\/sl\/wp-json\/wp\/v2\/product\/1399","targetHints":{"allow":["GET"]}}],"collection":[{"href":"https:\/\/farmatic.si\/sl\/wp-json\/wp\/v2\/product"}],"about":[{"href":"https:\/\/farmatic.si\/sl\/wp-json\/wp\/v2\/types\/product"}],"replies":[{"embeddable":true,"href":"https:\/\/farmatic.si\/sl\/wp-json\/wp\/v2\/comments?post=1399"}],"wp:featuredmedia":[{"embeddable":true,"href":"https:\/\/farmatic.si\/sl\/wp-json\/wp\/v2\/media\/1403"}],"wp:attachment":[{"href":"https:\/\/farmatic.si\/sl\/wp-json\/wp\/v2\/media?parent=1399"}],"wp:term":[{"taxonomy":"product_brand","embeddable":true,"href":"https:\/\/farmatic.si\/sl\/wp-json\/wp\/v2\/product_brand?post=1399"},{"taxonomy":"product_cat","embeddable":true,"href":"https:\/\/farmatic.si\/sl\/wp-json\/wp\/v2\/product_cat?post=1399"},{"taxonomy":"product_tag","embeddable":true,"href":"https:\/\/farmatic.si\/sl\/wp-json\/wp\/v2\/product_tag?post=1399"}],"curies":[{"name":"wp","href":"https:\/\/api.w.org\/{rel}","templated":true}]}}